{"id":237,"date":"2024-08-26T01:44:31","date_gmt":"2024-08-25T23:44:31","guid":{"rendered":"https:\/\/dev.domagalsky.pl\/?page_id=237"},"modified":"2024-10-01T17:43:34","modified_gmt":"2024-10-01T15:43:34","slug":"kontakt","status":"publish","type":"page","link":"https:\/\/dev.domagalsky.pl\/?page_id=237","title":{"rendered":"Kontakt"},"content":{"rendered":"\t\t<div data-elementor-type=\"wp-page\" data-elementor-id=\"237\" class=\"elementor elementor-237\" data-elementor-post-type=\"page\">\n\t\t\t\t<div class=\"elementor-element elementor-element-71f3b1c e-flex e-con-boxed e-con e-parent\" data-id=\"71f3b1c\" data-element_type=\"container\" data-settings=\"{&quot;background_background&quot;:&quot;classic&quot;}\">\n\t\t\t\t\t<div class=\"e-con-inner\">\n\t\t<div class=\"elementor-element elementor-element-21902a5 e-con-full e-flex e-con e-child\" data-id=\"21902a5\" data-element_type=\"container\">\n\t\t\t\t<div class=\"elementor-element elementor-element-a5fd37e elementor-widget elementor-widget-heading\" data-id=\"a5fd37e\" data-element_type=\"widget\" data-widget_type=\"heading.default\">\n\t\t\t\t<div class=\"elementor-widget-container\">\n\t\t\t<h1 class=\"elementor-heading-title elementor-size-default\">Trener personalny | Pozna\u0144<\/h1>\t\t<\/div>\n\t\t\t\t<\/div>\n\t\t\t\t<div class=\"elementor-element elementor-element-b129d26 elementor-widget elementor-widget-elementskit-heading\" data-id=\"b129d26\" data-element_type=\"widget\" data-widget_type=\"elementskit-heading.default\">\n\t\t\t\t<div class=\"elementor-widget-container\">\n\t\t\t<div class=\"ekit-wid-con\" ><div class=\"ekit-heading elementskit-section-title-wraper text_center   ekit_heading_tablet-   ekit_heading_mobile-text_center\"><h2 class=\"ekit-heading--title elementskit-section-title text_fill\">Kontakt<\/h2><\/div><\/div>\t\t<\/div>\n\t\t\t\t<\/div>\n\t\t\t\t<\/div>\n\t\t\t\t\t<\/div>\n\t\t\t\t<\/div>\n\t\t<div class=\"elementor-element elementor-element-79919972 e-flex e-con-boxed e-con e-parent\" data-id=\"79919972\" data-element_type=\"container\">\n\t\t\t\t\t<div class=\"e-con-inner\">\n\t\t<div class=\"elementor-element elementor-element-80a509c e-con-full e-flex elementor-invisible e-con e-child\" data-id=\"80a509c\" data-element_type=\"container\" data-settings=\"{&quot;animation&quot;:&quot;fadeInLeft&quot;}\">\n\t\t\t\t<div class=\"elementor-element elementor-element-183ad625 elementor-widget elementor-widget-heading\" data-id=\"183ad625\" data-element_type=\"widget\" data-widget_type=\"heading.default\">\n\t\t\t\t<div class=\"elementor-widget-container\">\n\t\t\t<h6 class=\"elementor-heading-title elementor-size-default\">B\u0105d\u017amy w kontakcie<\/h6>\t\t<\/div>\n\t\t\t\t<\/div>\n\t\t\t\t<div class=\"elementor-element elementor-element-6a40c95f elementor-widget elementor-widget-elementskit-heading\" data-id=\"6a40c95f\" data-element_type=\"widget\" data-widget_type=\"elementskit-heading.default\">\n\t\t\t\t<div class=\"elementor-widget-container\">\n\t\t\t<div class=\"ekit-wid-con\" ><div class=\"ekit-heading elementskit-section-title-wraper text_left   ekit_heading_tablet-   ekit_heading_mobile-\"><h2 class=\"ekit-heading--title elementskit-section-title text_fill\">Skontaktuj si\u0119 ze mn\u0105 <span><span>bezpo\u015brednio<\/span><\/span><\/h2><\/div><\/div>\t\t<\/div>\n\t\t\t\t<\/div>\n\t\t\t\t<div class=\"elementor-element elementor-element-5956f9e9 elementor-widget-divider--view-line elementor-widget elementor-widget-divider\" data-id=\"5956f9e9\" data-element_type=\"widget\" data-widget_type=\"divider.default\">\n\t\t\t\t<div class=\"elementor-widget-container\">\n\t\t\t\t\t<div class=\"elementor-divider\">\n\t\t\t<span class=\"elementor-divider-separator\">\n\t\t\t\t\t\t<\/span>\n\t\t<\/div>\n\t\t\t\t<\/div>\n\t\t\t\t<\/div>\n\t\t\t\t<div class=\"elementor-element elementor-element-6dc59808 elementor-view-framed elementor-position-left elementor-mobile-position-left elementor-shape-circle elementor-vertical-align-top elementor-widget elementor-widget-icon-box\" data-id=\"6dc59808\" data-element_type=\"widget\" data-widget_type=\"icon-box.default\">\n\t\t\t\t<div class=\"elementor-widget-container\">\n\t\t\t\t\t<div class=\"elementor-icon-box-wrapper\">\n\n\t\t\t\t\t\t<div class=\"elementor-icon-box-icon\">\n\t\t\t\t<span  class=\"elementor-icon elementor-animation-\">\n\t\t\t\t<svg xmlns=\"http:\/\/www.w3.org\/2000\/svg\" height=\"48px\" viewBox=\"0 -960 960 960\" width=\"48px\" fill=\"#FFFFFF\"><path d=\"M480.18-486.04q31.08 0 52.71-21.53 21.63-21.54 21.63-52.61 0-31.08-21.65-52.71-21.65-21.63-52.89-21.63-31.24 0-52.59 21.65-21.35 21.65-21.35 52.89 0 31.24 21.53 52.59 21.54 21.35 52.61 21.35ZM480-65.87Q312.22-206.83 229.04-325.46q-83.17-118.63-83.17-228.24 0-155.49 100.76-248.24Q347.39-894.7 480-894.7q132.37 0 233.53 92.76Q814.7-709.19 814.7-553.7q0 109.61-83.46 228.24Q647.78-206.83 480-65.87Z\"><\/path><\/svg>\t\t\t\t<\/span>\n\t\t\t<\/div>\n\t\t\t\n\t\t\t\t\t\t<div class=\"elementor-icon-box-content\">\n\n\t\t\t\t\t\t\t\t\t<div class=\"elementor-icon-box-title\">\n\t\t\t\t\t\t<span  >\n\t\t\t\t\t\t\tLokalizacja\t\t\t\t\t\t<\/span>\n\t\t\t\t\t<\/div>\n\t\t\t\t\n\t\t\t\t\t\t\t\t\t<p class=\"elementor-icon-box-description\">\n\t\t\t\t\t\tul. Marceli\u0144ska 90 <br>\n60-324 Pozna\u0144\t\t\t\t\t<\/p>\n\t\t\t\t\n\t\t\t<\/div>\n\t\t\t\n\t\t<\/div>\n\t\t\t\t<\/div>\n\t\t\t\t<\/div>\n\t\t\t\t<div class=\"elementor-element elementor-element-3c1e38fc elementor-view-framed elementor-position-left elementor-mobile-position-left elementor-shape-circle elementor-vertical-align-top elementor-widget elementor-widget-icon-box\" data-id=\"3c1e38fc\" data-element_type=\"widget\" data-widget_type=\"icon-box.default\">\n\t\t\t\t<div class=\"elementor-widget-container\">\n\t\t\t\t\t<div class=\"elementor-icon-box-wrapper\">\n\n\t\t\t\t\t\t<div class=\"elementor-icon-box-icon\">\n\t\t\t\t<a href=\"mailto:adrian@domagalsky.pl\" class=\"elementor-icon elementor-animation-\" tabindex=\"-1\">\n\t\t\t\t<svg xmlns=\"http:\/\/www.w3.org\/2000\/svg\" height=\"48px\" viewBox=\"0 -960 960 960\" width=\"48px\" fill=\"#FFFFFF\"><path d=\"M479.43-65.87q-85.55 0-160.95-32.35-75.39-32.34-131.65-88.61-56.27-56.26-88.61-131.77-32.35-75.51-32.35-161.37t32.35-161.4q32.34-75.54 88.52-131.83 56.17-56.29 131.72-88.9 75.56-32.6 161.46-32.6 85.91 0 161.52 32.56 75.61 32.56 131.86 88.77 56.24 56.22 88.82 131.64 32.58 75.42 32.58 161.16v52.72q0 59.48-42.89 99.77-42.88 40.3-103.85 40.3-37.92 0-70.94-18.07Q644-323.91 627-357.04q-24.87 35.69-64.1 52.48-39.23 16.78-82.73 16.78-80.6 0-136.99-55.68-56.4-55.68-56.4-136.82 0-81.14 56.26-137.54 56.26-56.4 136.82-56.4 80.57 0 136.96 56.41 56.4 56.4 56.4 137.81v49.01q0 29.68 22.25 50.22 22.26 20.55 52.54 20.55 30.03 0 51.58-20.55 21.54-20.54 21.54-50.22v-49.58q0-142.13-99.5-241.35-99.49-99.21-241.63-99.21t-241.63 99.5q-99.5 99.49-99.5 241.63t99.21 241.63q99.22 99.5 241.58 99.5H694v73H479.43Zm.73-294.35q50.01 0 85.32-35.15 35.3-35.16 35.3-84.73 0-51.07-35.46-86.38-35.46-35.3-85.48-35.3-50.01 0-85.32 35.4-35.3 35.41-35.3 86.48 0 49.57 35.46 84.63 35.46 35.05 85.48 35.05Z\"><\/path><\/svg>\t\t\t\t<\/a>\n\t\t\t<\/div>\n\t\t\t\n\t\t\t\t\t\t<div class=\"elementor-icon-box-content\">\n\n\t\t\t\t\t\t\t\t\t<div class=\"elementor-icon-box-title\">\n\t\t\t\t\t\t<a href=\"mailto:adrian@domagalsky.pl\" >\n\t\t\t\t\t\t\tEmail\t\t\t\t\t\t<\/a>\n\t\t\t\t\t<\/div>\n\t\t\t\t\n\t\t\t\t\t\t\t\t\t<p class=\"elementor-icon-box-description\">\n\t\t\t\t\t\tadrian@domagalsky.pl\n\t\t\t\t\t<\/p>\n\t\t\t\t\n\t\t\t<\/div>\n\t\t\t\n\t\t<\/div>\n\t\t\t\t<\/div>\n\t\t\t\t<\/div>\n\t\t\t\t<div class=\"elementor-element elementor-element-198e88ae elementor-view-framed elementor-position-left elementor-mobile-position-left elementor-shape-circle elementor-vertical-align-top elementor-widget elementor-widget-icon-box\" data-id=\"198e88ae\" data-element_type=\"widget\" data-widget_type=\"icon-box.default\">\n\t\t\t\t<div class=\"elementor-widget-container\">\n\t\t\t\t\t<div class=\"elementor-icon-box-wrapper\">\n\n\t\t\t\t\t\t<div class=\"elementor-icon-box-icon\">\n\t\t\t\t<a href=\"tel:698724466\" class=\"elementor-icon elementor-animation-\" tabindex=\"-1\">\n\t\t\t\t<svg xmlns=\"http:\/\/www.w3.org\/2000\/svg\" height=\"48px\" viewBox=\"0 -960 960 960\" width=\"48px\" fill=\"#FFFFFF\"><path d=\"M786.61-505.09q-4.44-121.32-88.73-205.55-84.29-84.23-205.71-89.23v-67q74.13 2.56 138.77 31.63 64.63 29.06 113.47 77.82 48.85 48.76 77.63 113.55 28.79 64.79 31.35 138.78h-66.78Zm-176.22 0q-5-47.74-38.02-80.26t-80.2-37.52v-66.22q75 4.44 127.5 56.72t57.5 127.28h-66.78Zm185.74 399.22q-119.39 0-242.43-57.13-123.05-57.13-227.74-161.83Q220.7-430.09 163.28-553.41q-57.41-123.33-57.41-242.16 0-24.65 16.96-41.89 16.95-17.24 41.6-17.24h140q23.61 0 38.98 13.68 15.37 13.67 21.07 37.72l27 116.95q3.13 20.78-1.07 37.09-4.19 16.3-16.71 27.7l-102.26 97.6q23.73 39.48 50.47 74.09 26.74 34.61 60.05 66.35 34.74 36.3 71.5 64.69t76.1 49l97.83-99.69q13.96-14.96 31.48-20.09 17.52-5.13 36.74-.87l107.69 24.3q24.05 6.83 37.72 23.35 13.68 16.53 13.68 40v138.4q0 24.65-17.24 41.6-17.24 16.96-41.33 16.96Z\"><\/path><\/svg>\t\t\t\t<\/a>\n\t\t\t<\/div>\n\t\t\t\n\t\t\t\t\t\t<div class=\"elementor-icon-box-content\">\n\n\t\t\t\t\t\t\t\t\t<div class=\"elementor-icon-box-title\">\n\t\t\t\t\t\t<a href=\"tel:698724466\" >\n\t\t\t\t\t\t\tTelefon\t\t\t\t\t\t<\/a>\n\t\t\t\t\t<\/div>\n\t\t\t\t\n\t\t\t\t\t\t\t\t\t<p class=\"elementor-icon-box-description\">\n\t\t\t\t\t\t+48 698 724 466\n\t\t\t\t\t<\/p>\n\t\t\t\t\n\t\t\t<\/div>\n\t\t\t\n\t\t<\/div>\n\t\t\t\t<\/div>\n\t\t\t\t<\/div>\n\t\t\t\t<\/div>\n\t\t<div class=\"elementor-element elementor-element-63c10521 e-con-full e-flex elementor-invisible e-con e-child\" data-id=\"63c10521\" data-element_type=\"container\" data-settings=\"{&quot;background_background&quot;:&quot;classic&quot;,&quot;animation&quot;:&quot;fadeInRight&quot;}\">\n\t\t<div class=\"elementor-element elementor-element-056f1dc e-con-full e-flex e-con e-child\" data-id=\"056f1dc\" data-element_type=\"container\">\n\t\t\t\t<div class=\"elementor-element elementor-element-e16534e elementor-view-default elementor-widget elementor-widget-icon\" data-id=\"e16534e\" data-element_type=\"widget\" data-widget_type=\"icon.default\">\n\t\t\t\t<div class=\"elementor-widget-container\">\n\t\t\t\t\t<div class=\"elementor-icon-wrapper\">\n\t\t\t<div class=\"elementor-icon\">\n\t\t\t<svg xmlns=\"http:\/\/www.w3.org\/2000\/svg\" height=\"48px\" viewBox=\"0 -960 960 960\" width=\"48px\" fill=\"#FFFFFF\"><path d=\"M321-139.65q-32.48 0-55.85-23.65-23.37-23.66-23.37-56.13v-104.53h129.09v-127q-36.31 1.31-73.46-12.48-37.15-13.78-66.02-41.65v-56.3h-47.74L49.26-696.35q38.83-34 89.39-56.63 50.57-22.63 103.13-22.63 27.18 0 63.7 9.22t65.39 28.52v-83.04H854.7v561.56q0 49.65-35.03 84.68-35.02 35.02-84.67 35.02H321Zm129.09-184.31h245v64.61q0 18.31 11.08 29.11 11.09 10.81 28.83 10.81t28.83-10.81q11.08-10.8 11.08-29.11v-481.78H450.09V-683l226.3 226.3v48.09h-47.52L510.78-527.26l-14.74 17.74q-11.3 13.3-22.04 20.17-10.74 6.87-23.91 13.31v152.08ZM212.91-627.61h84.7v90.13q15.87 10.44 31.8 15.65 15.94 5.22 32.37 5.22 23.87 0 49.02-13.5 25.16-13.5 35.46-25.8l15.87-18.31-66.17-66.74q-32-32-71.16-50.21-39.15-18.22-83.02-18.22-25.87 0-46.17 6.22-20.31 6.21-41.61 16.65l58.91 58.91Z\"><\/path><\/svg>\t\t\t<\/div>\n\t\t<\/div>\n\t\t\t\t<\/div>\n\t\t\t\t<\/div>\n\t\t\t\t<div class=\"elementor-element elementor-element-389fecb9 elementor-widget elementor-widget-heading\" data-id=\"389fecb9\" data-element_type=\"widget\" data-widget_type=\"heading.default\">\n\t\t\t\t<div class=\"elementor-widget-container\">\n\t\t\t<h2 class=\"elementor-heading-title elementor-size-default\">Lub wype\u0142nij formularz<\/h2>\t\t<\/div>\n\t\t\t\t<\/div>\n\t\t\t\t<\/div>\n\t\t\t\t<div class=\"elementor-element elementor-element-780fddca elementor-widget elementor-widget-heading\" data-id=\"780fddca\" data-element_type=\"widget\" data-widget_type=\"heading.default\">\n\t\t\t\t<div class=\"elementor-widget-container\">\n\t\t\t<div class=\"elementor-heading-title elementor-size-default\">Je\u015bli masz dodatkowe pytania, wype\u0142nij formularz kontaktowy \u2013 skontaktuj\u0119 si\u0119 z Tob\u0105, aby udzieli\u0107 odpowiedzi.<\/div>\t\t<\/div>\n\t\t\t\t<\/div>\n\t\t\t\t<div class=\"elementor-element elementor-element-4a45d063 elementor-button-align-start elementor-widget elementor-widget-form\" data-id=\"4a45d063\" data-element_type=\"widget\" data-settings=\"{&quot;step_next_label&quot;:&quot;Nast\\u0119pna&quot;,&quot;step_previous_label&quot;:&quot;Poprzednia&quot;,&quot;button_width&quot;:&quot;100&quot;,&quot;step_type&quot;:&quot;number_text&quot;,&quot;step_icon_shape&quot;:&quot;circle&quot;}\" data-widget_type=\"form.default\">\n\t\t\t\t<div class=\"elementor-widget-container\">\n\t\t\t\t\t<form class=\"elementor-form\" method=\"post\" id=\"kontakt_form\" name=\"New Form\">\n\t\t\t<input type=\"hidden\" name=\"post_id\" value=\"237\"\/>\n\t\t\t<input type=\"hidden\" name=\"form_id\" value=\"4a45d063\"\/>\n\t\t\t<input type=\"hidden\" name=\"referer_title\" value=\"Kontakt - Domagalsky | Trener Personalny &amp; Dietetyk\" \/>\n\n\t\t\t\t\t\t\t<input type=\"hidden\" name=\"queried_id\" value=\"237\"\/>\n\t\t\t\n\t\t\t<div class=\"elementor-form-fields-wrapper elementor-labels-above\">\n\t\t\t\t\t\t\t\t<div class=\"elementor-field-type-text elementor-field-group elementor-column elementor-field-group-name elementor-col-50 elementor-field-required\">\n\t\t\t\t\t\t\t\t\t\t\t\t\t<input size=\"1\" type=\"text\" name=\"form_fields[name]\" id=\"form-field-name\" class=\"elementor-field elementor-size-sm  elementor-field-textual\" placeholder=\"Imi\u0119\" required=\"required\" aria-required=\"true\">\n\t\t\t\t\t\t\t\t\t\t\t<\/div>\n\t\t\t\t\t\t\t\t<div class=\"elementor-field-type-text elementor-field-group elementor-column elementor-field-group-field_f0881b3 elementor-col-50\">\n\t\t\t\t\t\t\t\t\t\t\t\t\t<input size=\"1\" type=\"text\" name=\"form_fields[field_f0881b3]\" id=\"form-field-field_f0881b3\" class=\"elementor-field elementor-size-sm  elementor-field-textual\" placeholder=\"Nazwisko\">\n\t\t\t\t\t\t\t\t\t\t\t<\/div>\n\t\t\t\t\t\t\t\t<div class=\"elementor-field-type-tel elementor-field-group elementor-column elementor-field-group-email elementor-col-50 elementor-field-required\">\n\t\t\t\t\t\t\t<input size=\"1\" type=\"tel\" name=\"form_fields[email]\" id=\"form-field-email\" class=\"elementor-field elementor-size-sm  elementor-field-textual\" placeholder=\"Numer telefonu\" required=\"required\" aria-required=\"true\" pattern=\"[0-9()#&amp;+*-=.]+\" title=\"Akceptowane s\u0105 jedynie cyfry i znaki telefoniczne (#,-,*).\">\n\n\t\t\t\t\t\t<\/div>\n\t\t\t\t\t\t\t\t<div class=\"elementor-field-type-email elementor-field-group elementor-column elementor-field-group-field_4d75c61 elementor-col-50 elementor-field-required\">\n\t\t\t\t\t\t\t\t\t\t\t\t\t<input size=\"1\" type=\"email\" name=\"form_fields[field_4d75c61]\" id=\"form-field-field_4d75c61\" class=\"elementor-field elementor-size-sm  elementor-field-textual\" placeholder=\"Email\" required=\"required\" aria-required=\"true\">\n\t\t\t\t\t\t\t\t\t\t\t<\/div>\n\t\t\t\t\t\t\t\t<div class=\"elementor-field-type-text elementor-field-group elementor-column elementor-field-group-field_2a3a752 elementor-col-100 elementor-field-required\">\n\t\t\t\t\t\t\t\t\t\t\t\t\t<input size=\"1\" type=\"text\" name=\"form_fields[field_2a3a752]\" id=\"form-field-field_2a3a752\" class=\"elementor-field elementor-size-sm  elementor-field-textual\" placeholder=\"Temat\" required=\"required\" aria-required=\"true\">\n\t\t\t\t\t\t\t\t\t\t\t<\/div>\n\t\t\t\t\t\t\t\t<div class=\"elementor-field-type-textarea elementor-field-group elementor-column elementor-field-group-message elementor-col-100\">\n\t\t\t\t\t<textarea class=\"elementor-field-textual elementor-field  elementor-size-sm\" name=\"form_fields[message]\" id=\"form-field-message\" rows=\"4\" placeholder=\"Wiadomo\u015b\u0107\"><\/textarea>\t\t\t\t<\/div>\n\t\t\t\t\t\t\t\t<div class=\"elementor-field-group elementor-column elementor-field-type-submit elementor-col-100 e-form__buttons\">\n\t\t\t\t\t<button class=\"elementor-button elementor-size-sm\" type=\"submit\">\n\t\t\t\t\t\t<span class=\"elementor-button-content-wrapper\">\n\t\t\t\t\t\t\t\t\t\t\t\t\t\t\t\t\t\t\t\t\t\t<span class=\"elementor-button-text\">Wy\u015blij wiadomo\u015b\u0107<\/span>\n\t\t\t\t\t\t\t\t\t\t\t\t\t<\/span>\n\t\t\t\t\t<\/button>\n\t\t\t\t<\/div>\n\t\t\t<\/div>\n\t\t<\/form>\n\t\t\t\t<\/div>\n\t\t\t\t<\/div>\n\t\t\t\t<\/div>\n\t\t\t\t\t<\/div>\n\t\t\t\t<\/div>\n\t\t<div class=\"elementor-element elementor-element-27b92226 e-con-full e-flex e-con e-parent\" data-id=\"27b92226\" data-element_type=\"container\">\n\t\t\t\t<div class=\"elementor-element elementor-element-7f154250 elementor-invisible elementor-widget elementor-widget-google_maps\" data-id=\"7f154250\" data-element_type=\"widget\" data-settings=\"{&quot;_animation&quot;:&quot;fadeIn&quot;,&quot;_animation_delay&quot;:200}\" data-widget_type=\"google_maps.default\">\n\t\t\t\t<div class=\"elementor-widget-container\">\n\t\t\t\t\t<div class=\"elementor-custom-embed\">\n\t\t\t<iframe loading=\"lazy\"\n\t\t\t\t\tsrc=\"https:\/\/maps.google.com\/maps?q=domagalsky&#038;t=m&#038;z=14&#038;output=embed&#038;iwloc=near\"\n\t\t\t\t\ttitle=\"domagalsky\"\n\t\t\t\t\taria-label=\"domagalsky\"\n\t\t\t><\/iframe>\n\t\t<\/div>\n\t\t\t\t<\/div>\n\t\t\t\t<\/div>\n\t\t\t\t<\/div>\n\t\t\t\t<\/div>\n\t\t","protected":false},"excerpt":{"rendered":"<p>Trener personalny | Pozna\u0144 Kontakt B\u0105d\u017amy w kontakcie Skontaktuj si\u0119 ze mn\u0105 bezpo\u015brednio Lokalizacja ul. Marceli\u0144ska 90 60-324 Pozna\u0144 Email adrian@domagalsky.pl Telefon +48 698 724 466 Lub wype\u0142nij formularz Je\u015bli masz dodatkowe pytania, wype\u0142nij formularz kontaktowy \u2013 skontaktuj\u0119 si\u0119 z Tob\u0105, aby udzieli\u0107 odpowiedzi.<\/p>\n","protected":false},"author":1,"featured_media":0,"parent":0,"menu_order":0,"comment_status":"closed","ping_status":"closed","template":"elementor_header_footer","meta":{"footnotes":""},"class_list":["post-237","page","type-page","status-publish","hentry"],"yoast_head":"<!-- This site is optimized with the Yoast SEO plugin v23.5 - https:\/\/yoast.com\/wordpress\/plugins\/seo\/ -->\n<title>Kontakt - Domagalsky | Trener Personalny &amp; Dietetyk<\/title>\n<meta name=\"robots\" content=\"index, follow, max-snippet:-1, max-image-preview:large, max-video-preview:-1\" \/>\n<link rel=\"canonical\" href=\"https:\/\/dev.domagalsky.pl\/?page_id=237\" \/>\n<meta property=\"og:locale\" content=\"pl_PL\" \/>\n<meta property=\"og:type\" content=\"article\" \/>\n<meta property=\"og:title\" content=\"Kontakt - Domagalsky | Trener Personalny &amp; Dietetyk\" \/>\n<meta property=\"og:description\" content=\"Trener personalny | Pozna\u0144 Kontakt B\u0105d\u017amy w kontakcie Skontaktuj si\u0119 ze mn\u0105 bezpo\u015brednio Lokalizacja ul. Marceli\u0144ska 90 60-324 Pozna\u0144 Email adrian@domagalsky.pl Telefon +48 698 724 466 Lub wype\u0142nij formularz Je\u015bli masz dodatkowe pytania, wype\u0142nij formularz kontaktowy \u2013 skontaktuj\u0119 si\u0119 z Tob\u0105, aby udzieli\u0107 odpowiedzi.\" \/>\n<meta property=\"og:url\" content=\"https:\/\/dev.domagalsky.pl\/?page_id=237\" \/>\n<meta property=\"og:site_name\" content=\"Domagalsky | Trener Personalny &amp; Dietetyk\" \/>\n<meta property=\"article:modified_time\" content=\"2024-10-01T15:43:34+00:00\" \/>\n<meta name=\"twitter:card\" content=\"summary_large_image\" \/>\n<meta name=\"twitter:label1\" content=\"Szacowany czas czytania\" \/>\n\t<meta name=\"twitter:data1\" content=\"1 minuta\" \/>\n<script type=\"application\/ld+json\" class=\"yoast-schema-graph\">{\"@context\":\"https:\/\/schema.org\",\"@graph\":[{\"@type\":\"WebPage\",\"@id\":\"https:\/\/dev.domagalsky.pl\/?page_id=237\",\"url\":\"https:\/\/dev.domagalsky.pl\/?page_id=237\",\"name\":\"Kontakt - Domagalsky | Trener Personalny &amp; Dietetyk\",\"isPartOf\":{\"@id\":\"https:\/\/dev.domagalsky.pl\/#website\"},\"datePublished\":\"2024-08-25T23:44:31+00:00\",\"dateModified\":\"2024-10-01T15:43:34+00:00\",\"breadcrumb\":{\"@id\":\"https:\/\/dev.domagalsky.pl\/?page_id=237#breadcrumb\"},\"inLanguage\":\"pl-PL\",\"potentialAction\":[{\"@type\":\"ReadAction\",\"target\":[\"https:\/\/dev.domagalsky.pl\/?page_id=237\"]}]},{\"@type\":\"BreadcrumbList\",\"@id\":\"https:\/\/dev.domagalsky.pl\/?page_id=237#breadcrumb\",\"itemListElement\":[{\"@type\":\"ListItem\",\"position\":1,\"name\":\"Strona g\u0142\u00f3wna\",\"item\":\"https:\/\/dev.domagalsky.pl\/\"},{\"@type\":\"ListItem\",\"position\":2,\"name\":\"Kontakt\"}]},{\"@type\":\"WebSite\",\"@id\":\"https:\/\/dev.domagalsky.pl\/#website\",\"url\":\"https:\/\/dev.domagalsky.pl\/\",\"name\":\"Domagalsky | Trener Personalny &amp; Dietetyk\",\"description\":\"\",\"publisher\":{\"@id\":\"https:\/\/dev.domagalsky.pl\/#organization\"},\"potentialAction\":[{\"@type\":\"SearchAction\",\"target\":{\"@type\":\"EntryPoint\",\"urlTemplate\":\"https:\/\/dev.domagalsky.pl\/?s={search_term_string}\"},\"query-input\":{\"@type\":\"PropertyValueSpecification\",\"valueRequired\":true,\"valueName\":\"search_term_string\"}}],\"inLanguage\":\"pl-PL\"},{\"@type\":\"Organization\",\"@id\":\"https:\/\/dev.domagalsky.pl\/#organization\",\"name\":\"Domagalsky | Trener Personalny &amp; Dietetyk\",\"url\":\"https:\/\/dev.domagalsky.pl\/\",\"logo\":{\"@type\":\"ImageObject\",\"inLanguage\":\"pl-PL\",\"@id\":\"https:\/\/dev.domagalsky.pl\/#\/schema\/logo\/image\/\",\"url\":\"https:\/\/dev.domagalsky.pl\/wp-content\/uploads\/2024\/08\/Domagalsky-Logo-White-1.svg\",\"contentUrl\":\"https:\/\/dev.domagalsky.pl\/wp-content\/uploads\/2024\/08\/Domagalsky-Logo-White-1.svg\",\"width\":601,\"height\":115,\"caption\":\"Domagalsky | Trener Personalny &amp; Dietetyk\"},\"image\":{\"@id\":\"https:\/\/dev.domagalsky.pl\/#\/schema\/logo\/image\/\"}}]}<\/script>\n<!-- \/ Yoast SEO plugin. -->","yoast_head_json":{"title":"Kontakt - Domagalsky | Trener Personalny &amp; Dietetyk","robots":{"index":"index","follow":"follow","max-snippet":"max-snippet:-1","max-image-preview":"max-image-preview:large","max-video-preview":"max-video-preview:-1"},"canonical":"https:\/\/dev.domagalsky.pl\/?page_id=237","og_locale":"pl_PL","og_type":"article","og_title":"Kontakt - Domagalsky | Trener Personalny &amp; Dietetyk","og_description":"Trener personalny | Pozna\u0144 Kontakt B\u0105d\u017amy w kontakcie Skontaktuj si\u0119 ze mn\u0105 bezpo\u015brednio Lokalizacja ul. Marceli\u0144ska 90 60-324 Pozna\u0144 Email adrian@domagalsky.pl Telefon +48 698 724 466 Lub wype\u0142nij formularz Je\u015bli masz dodatkowe pytania, wype\u0142nij formularz kontaktowy \u2013 skontaktuj\u0119 si\u0119 z Tob\u0105, aby udzieli\u0107 odpowiedzi.","og_url":"https:\/\/dev.domagalsky.pl\/?page_id=237","og_site_name":"Domagalsky | Trener Personalny &amp; Dietetyk","article_modified_time":"2024-10-01T15:43:34+00:00","twitter_card":"summary_large_image","twitter_misc":{"Szacowany czas czytania":"1 minuta"},"schema":{"@context":"https:\/\/schema.org","@graph":[{"@type":"WebPage","@id":"https:\/\/dev.domagalsky.pl\/?page_id=237","url":"https:\/\/dev.domagalsky.pl\/?page_id=237","name":"Kontakt - Domagalsky | Trener Personalny &amp; Dietetyk","isPartOf":{"@id":"https:\/\/dev.domagalsky.pl\/#website"},"datePublished":"2024-08-25T23:44:31+00:00","dateModified":"2024-10-01T15:43:34+00:00","breadcrumb":{"@id":"https:\/\/dev.domagalsky.pl\/?page_id=237#breadcrumb"},"inLanguage":"pl-PL","potentialAction":[{"@type":"ReadAction","target":["https:\/\/dev.domagalsky.pl\/?page_id=237"]}]},{"@type":"BreadcrumbList","@id":"https:\/\/dev.domagalsky.pl\/?page_id=237#breadcrumb","itemListElement":[{"@type":"ListItem","position":1,"name":"Strona g\u0142\u00f3wna","item":"https:\/\/dev.domagalsky.pl\/"},{"@type":"ListItem","position":2,"name":"Kontakt"}]},{"@type":"WebSite","@id":"https:\/\/dev.domagalsky.pl\/#website","url":"https:\/\/dev.domagalsky.pl\/","name":"Domagalsky | Trener Personalny &amp; Dietetyk","description":"","publisher":{"@id":"https:\/\/dev.domagalsky.pl\/#organization"},"potentialAction":[{"@type":"SearchAction","target":{"@type":"EntryPoint","urlTemplate":"https:\/\/dev.domagalsky.pl\/?s={search_term_string}"},"query-input":{"@type":"PropertyValueSpecification","valueRequired":true,"valueName":"search_term_string"}}],"inLanguage":"pl-PL"},{"@type":"Organization","@id":"https:\/\/dev.domagalsky.pl\/#organization","name":"Domagalsky | Trener Personalny &amp; Dietetyk","url":"https:\/\/dev.domagalsky.pl\/","logo":{"@type":"ImageObject","inLanguage":"pl-PL","@id":"https:\/\/dev.domagalsky.pl\/#\/schema\/logo\/image\/","url":"https:\/\/dev.domagalsky.pl\/wp-content\/uploads\/2024\/08\/Domagalsky-Logo-White-1.svg","contentUrl":"https:\/\/dev.domagalsky.pl\/wp-content\/uploads\/2024\/08\/Domagalsky-Logo-White-1.svg","width":601,"height":115,"caption":"Domagalsky | Trener Personalny &amp; Dietetyk"},"image":{"@id":"https:\/\/dev.domagalsky.pl\/#\/schema\/logo\/image\/"}}]}},"_links":{"self":[{"href":"https:\/\/dev.domagalsky.pl\/index.php?rest_route=\/wp\/v2\/pages\/237","targetHints":{"allow":["GET"]}}],"collection":[{"href":"https:\/\/dev.domagalsky.pl\/index.php?rest_route=\/wp\/v2\/pages"}],"about":[{"href":"https:\/\/dev.domagalsky.pl\/index.php?rest_route=\/wp\/v2\/types\/page"}],"author":[{"embeddable":true,"href":"https:\/\/dev.domagalsky.pl\/index.php?rest_route=\/wp\/v2\/users\/1"}],"replies":[{"embeddable":true,"href":"https:\/\/dev.domagalsky.pl\/index.php?rest_route=%2Fwp%2Fv2%2Fcomments&post=237"}],"version-history":[{"count":29,"href":"https:\/\/dev.domagalsky.pl\/index.php?rest_route=\/wp\/v2\/pages\/237\/revisions"}],"predecessor-version":[{"id":1202,"href":"https:\/\/dev.domagalsky.pl\/index.php?rest_route=\/wp\/v2\/pages\/237\/revisions\/1202"}],"wp:attachment":[{"href":"https:\/\/dev.domagalsky.pl\/index.php?rest_route=%2Fwp%2Fv2%2Fmedia&parent=237"}],"curies":[{"name":"wp","href":"https:\/\/api.w.org\/{rel}","templated":true}]}}